{"id":2728,"date":"2023-03-28T20:44:45","date_gmt":"2023-03-28T20:44:45","guid":{"rendered":"https:\/\/egyptianswiss.com\/?page_id=2728"},"modified":"2023-04-08T18:30:09","modified_gmt":"2023-04-08T18:30:09","slug":"nouvelles","status":"publish","type":"page","link":"https:\/\/egyptianswiss.com\/fr\/nouvelles\/","title":{"rendered":"Nouvelles"},"content":{"rendered":"\t\t<div data-elementor-type=\"wp-page\" data-elementor-id=\"2728\" class=\"elementor elementor-2728\">\n\t\t\t\t\t\t<section class=\"elementor-section elementor-top-section elementor-element elementor-element-78789288 elementor-section-boxed elementor-section-height-default elementor-section-height-default\" data-id=\"78789288\" data-element_type=\"section\" data-e-type=\"section\" data-settings=\"{&quot;background_background&quot;:&quot;classic&quot;}\">\n\t\t\t\t\t\t<div class=\"elementor-container elementor-column-gap-default\">\n\t\t\t\t\t<div class=\"elementor-column elementor-col-100 elementor-top-column elementor-element elementor-element-25da577\" data-id=\"25da577\" data-element_type=\"column\" data-e-type=\"column\">\n\t\t\t<div class=\"elementor-widget-wrap elementor-element-populated\">\n\t\t\t\t\t\t<div class=\"elementor-element elementor-element-458c142d elementor-widget elementor-widget-heading\" data-id=\"458c142d\" data-element_type=\"widget\" data-e-type=\"widget\" data-widget_type=\"heading.default\">\n\t\t\t\t<div class=\"elementor-widget-container\">\n\t\t\t\t\t<h1 class=\"elementor-heading-title elementor-size-default\">nouvelles<\/h1>\t\t\t\t<\/div>\n\t\t\t\t<\/div>\n\t\t\t\t\t<\/div>\n\t\t<\/div>\n\t\t\t\t\t<\/div>\n\t\t<\/section>\n\t\t\t\t<section class=\"elementor-section elementor-top-section elementor-element elementor-element-ca6bd03 elementor-section-boxed elementor-section-height-default elementor-section-height-default\" data-id=\"ca6bd03\" data-element_type=\"section\" data-e-type=\"section\">\n\t\t\t\t\t\t<div class=\"elementor-container elementor-column-gap-default\">\n\t\t\t\t\t<div class=\"elementor-column elementor-col-100 elementor-top-column elementor-element elementor-element-9ff313f\" data-id=\"9ff313f\" data-element_type=\"column\" data-e-type=\"column\">\n\t\t\t<div class=\"elementor-widget-wrap elementor-element-populated\">\n\t\t\t\t\t\t<div class=\"elementor-element elementor-element-f344bf3 elementor-grid-eael-col-2 elementor-grid-tablet-eael-col-2 elementor-grid-mobile-eael-col-1 elementor-widget elementor-widget-eael-post-grid\" data-id=\"f344bf3\" data-element_type=\"widget\" data-e-type=\"widget\" data-settings=\"{&quot;eael_post_grid_columns&quot;:&quot;eael-col-2&quot;,&quot;eael_post_grid_columns_tablet&quot;:&quot;eael-col-2&quot;,&quot;eael_post_grid_columns_mobile&quot;:&quot;eael-col-1&quot;}\" data-widget_type=\"eael-post-grid.default\">\n\t\t\t\t<div class=\"elementor-widget-container\">\n\t\t\t\t\t<div id=\"eael-post-grid-f344bf3\" class=\"eael-post-grid-container\">\n            <div class=\"eael-post-grid eael-post-appender eael-post-appender-f344bf3 eael-post-grid-style-one\" data-layout-mode=\"masonry\"><article class=\"eael-grid-post  eael-post-grid-column eael-pg-post-8807 category-faculte-dagriculture-universite-ain-shams\" data-id=\"8807\">\n        <div class=\"eael-grid-post-holder\">\n            <div class=\"eael-grid-post-holder-inner\"><div class=\"eael-entry-media\"><div class=\"eael-entry-overlay fade-in\"><i class=\"fas fa-long-arrow-alt-right\" aria-hidden=\"true\"><\/i><a href=\"https:\/\/egyptianswiss.com\/fr\/le-president-de-luniversite-dain-shams-salue-la-participation-de-la-societe-egyptian-swiss-au-forum-de-lemploi\/\"><\/a><\/div><div class=\"eael-entry-thumbnail \">\n                <img fetchpriority=\"high\" decoding=\"async\" width=\"782\" height=\"847\" src=\"https:\/\/egyptianswiss.com\/wp-content\/uploads\/2026\/03\/5.jpg\" class=\"attachment-full size-full wp-image-8805\" alt=\"\" srcset=\"https:\/\/egyptianswiss.com\/wp-content\/uploads\/2026\/03\/5.jpg 782w, https:\/\/egyptianswiss.com\/wp-content\/uploads\/2026\/03\/5-277x300.jpg 277w, https:\/\/egyptianswiss.com\/wp-content\/uploads\/2026\/03\/5-768x832.jpg 768w\" sizes=\"(max-width: 782px) 100vw, 782px\" \/>\n            <\/div>\n        <\/div><div class=\"eael-entry-wrapper\"><header class=\"eael-entry-header\"><h3 class=\"eael-entry-title\"><a class=\"eael-grid-post-link\" href=\"https:\/\/egyptianswiss.com\/fr\/le-president-de-luniversite-dain-shams-salue-la-participation-de-la-societe-egyptian-swiss-au-forum-de-lemploi\/\" title=\"Le pr\u00e9sident de l\u2019Universit\u00e9 d\u2019Ain Shams salue la participation de la soci\u00e9t\u00e9 egyptian swiss au Forum de l\u2019emploi\">Le pr\u00e9sident de l\u2019Universit\u00e9 d\u2019Ain Shams salue la participation de la soci\u00e9t\u00e9 egyptian swiss au Forum de l\u2019emploi<\/a><\/h3><\/header><div class=\"eael-entry-content\">\n                        <div class=\"eael-grid-post-excerpt\"><p>Dans le cadre du renforcement du lien entre l\u2019enseignement acad\u00e9mique...<\/p><a href=\"https:\/\/egyptianswiss.com\/fr\/le-president-de-luniversite-dain-shams-salue-la-participation-de-la-societe-egyptian-swiss-au-forum-de-lemploi\/\" class=\"eael-post-elements-readmore-btn\">En savoir plus<\/a><\/div>\n                    <\/div><div class=\"eael-entry-footer\"><div class=\"eael-entry-meta\"><span class=\"eael-posted-on\"><time datetime=\"mars 1, 2026\">mars 1, 2026<\/time><\/span><\/div><\/div><\/div><\/div>\n        <\/div>\n    <\/article><article class=\"eael-grid-post  eael-post-grid-column eael-pg-post-8789 category-faculte-dagriculture-universite-ain-shams\" data-id=\"8789\">\n        <div class=\"eael-grid-post-holder\">\n            <div class=\"eael-grid-post-holder-inner\"><div class=\"eael-entry-media\"><div class=\"eael-entry-overlay fade-in\"><i class=\"fas fa-long-arrow-alt-right\" aria-hidden=\"true\"><\/i><a href=\"https:\/\/egyptianswiss.com\/fr\/la-societe-egyptian-swiss-participe-au-forum-de-lemploi-agricole-dain-shams-et-propose-des-formations-ainsi-que-des-offres-demploi\/\"><\/a><\/div><div class=\"eael-entry-thumbnail \">\n                <img decoding=\"async\" width=\"985\" height=\"773\" src=\"https:\/\/egyptianswiss.com\/wp-content\/uploads\/2026\/03\/4-1.jpg\" class=\"attachment-full size-full wp-image-8785\" alt=\"\" srcset=\"https:\/\/egyptianswiss.com\/wp-content\/uploads\/2026\/03\/4-1.jpg 985w, https:\/\/egyptianswiss.com\/wp-content\/uploads\/2026\/03\/4-1-300x235.jpg 300w, https:\/\/egyptianswiss.com\/wp-content\/uploads\/2026\/03\/4-1-768x603.jpg 768w\" sizes=\"(max-width: 985px) 100vw, 985px\" \/>\n            <\/div>\n        <\/div><div class=\"eael-entry-wrapper\"><header class=\"eael-entry-header\"><h3 class=\"eael-entry-title\"><a class=\"eael-grid-post-link\" href=\"https:\/\/egyptianswiss.com\/fr\/la-societe-egyptian-swiss-participe-au-forum-de-lemploi-agricole-dain-shams-et-propose-des-formations-ainsi-que-des-offres-demploi\/\" title=\"\u00ab\u202fLa soci\u00e9t\u00e9 egyptian swiss\u202f\u00bb participe au Forum de l\u2019emploi agricole d\u2019Ain Shams et propose des formations ainsi que des offres d\u2019emploi.\">\u00ab\u202fLa soci\u00e9t\u00e9 egyptian swiss\u202f\u00bb participe au Forum de l\u2019emploi agricole d\u2019Ain Shams et propose des formations ainsi que des offres d\u2019emploi.<\/a><\/h3><\/header><div class=\"eael-entry-content\">\n                        <div class=\"eael-grid-post-excerpt\"><p>Dans le cadre du renforcement du lien entre l\u2019enseignement acad\u00e9mique...<\/p><a href=\"https:\/\/egyptianswiss.com\/fr\/la-societe-egyptian-swiss-participe-au-forum-de-lemploi-agricole-dain-shams-et-propose-des-formations-ainsi-que-des-offres-demploi\/\" class=\"eael-post-elements-readmore-btn\">En savoir plus<\/a><\/div>\n                    <\/div><div class=\"eael-entry-footer\"><div class=\"eael-entry-meta\"><span class=\"eael-posted-on\"><time datetime=\"mars 1, 2026\">mars 1, 2026<\/time><\/span><\/div><\/div><\/div><\/div>\n        <\/div>\n    <\/article><article class=\"eael-grid-post  eael-post-grid-column eael-pg-post-8791 category-faculte-dagriculture-universite-ain-shams\" data-id=\"8791\">\n        <div class=\"eael-grid-post-holder\">\n            <div class=\"eael-grid-post-holder-inner\"><div class=\"eael-entry-media\"><div class=\"eael-entry-overlay fade-in\"><i class=\"fas fa-long-arrow-alt-right\" aria-hidden=\"true\"><\/i><a href=\"https:\/\/egyptianswiss.com\/fr\/la-societe-egyptian-swiss-participe-au-forum-de-lemploi-de-la-faculte-dagriculture-dain-shams-et-offre-des-opportunites-de-formation-et-d\/\"><\/a><\/div><div class=\"eael-entry-thumbnail \">\n                <img decoding=\"async\" width=\"993\" height=\"832\" src=\"https:\/\/egyptianswiss.com\/wp-content\/uploads\/2026\/03\/3-1.jpg\" class=\"attachment-full size-full wp-image-8780\" alt=\"\" srcset=\"https:\/\/egyptianswiss.com\/wp-content\/uploads\/2026\/03\/3-1.jpg 993w, https:\/\/egyptianswiss.com\/wp-content\/uploads\/2026\/03\/3-1-300x251.jpg 300w, https:\/\/egyptianswiss.com\/wp-content\/uploads\/2026\/03\/3-1-768x643.jpg 768w\" sizes=\"(max-width: 993px) 100vw, 993px\" \/>\n            <\/div>\n        <\/div><div class=\"eael-entry-wrapper\"><header class=\"eael-entry-header\"><h3 class=\"eael-entry-title\"><a class=\"eael-grid-post-link\" href=\"https:\/\/egyptianswiss.com\/fr\/la-societe-egyptian-swiss-participe-au-forum-de-lemploi-de-la-faculte-dagriculture-dain-shams-et-offre-des-opportunites-de-formation-et-d\/\" title=\"\u00ab\u202fLa soci\u00e9t\u00e9 egyptian swiss\u202f\u00bb participe au Forum de l\u2019emploi de la facult\u00e9 d\u2019Agriculture d\u2019Ain Shams et offre des opportunit\u00e9s de formation et d\u2019emploi\">\u00ab\u202fLa soci\u00e9t\u00e9 egyptian swiss\u202f\u00bb participe au Forum de l\u2019emploi de la facult\u00e9 d\u2019Agriculture d\u2019Ain Shams et offre des opportunit\u00e9s de formation et d\u2019emploi<\/a><\/h3><\/header><div class=\"eael-entry-content\">\n                        <div class=\"eael-grid-post-excerpt\"><p>Dans le cadre du renforcement du lien entre l\u2019enseignement acad\u00e9mique...<\/p><a href=\"https:\/\/egyptianswiss.com\/fr\/la-societe-egyptian-swiss-participe-au-forum-de-lemploi-de-la-faculte-dagriculture-dain-shams-et-offre-des-opportunites-de-formation-et-d\/\" class=\"eael-post-elements-readmore-btn\">En savoir plus<\/a><\/div>\n                    <\/div><div class=\"eael-entry-footer\"><div class=\"eael-entry-meta\"><span class=\"eael-posted-on\"><time datetime=\"mars 1, 2026\">mars 1, 2026<\/time><\/span><\/div><\/div><\/div><\/div>\n        <\/div>\n    <\/article><article class=\"eael-grid-post  eael-post-grid-column eael-pg-post-8793 category-faculte-dagriculture-universite-ain-shams\" data-id=\"8793\">\n        <div class=\"eael-grid-post-holder\">\n            <div class=\"eael-grid-post-holder-inner\"><div class=\"eael-entry-media\"><div class=\"eael-entry-overlay fade-in\"><i class=\"fas fa-long-arrow-alt-right\" aria-hidden=\"true\"><\/i><a href=\"https:\/\/egyptianswiss.com\/fr\/la-societe-egyptian-swiss-participe-au-forum-de-lemploi-de-la-faculte-dagriculture-dain-shams-et-propose-des-opportunites-de-formation-et-d\/\"><\/a><\/div><div class=\"eael-entry-thumbnail \">\n                <img loading=\"lazy\" decoding=\"async\" width=\"1025\" height=\"716\" src=\"https:\/\/egyptianswiss.com\/wp-content\/uploads\/2026\/03\/2-1.jpg\" class=\"attachment-full size-full wp-image-8775\" alt=\"\" srcset=\"https:\/\/egyptianswiss.com\/wp-content\/uploads\/2026\/03\/2-1.jpg 1025w, https:\/\/egyptianswiss.com\/wp-content\/uploads\/2026\/03\/2-1-300x210.jpg 300w, https:\/\/egyptianswiss.com\/wp-content\/uploads\/2026\/03\/2-1-768x536.jpg 768w\" sizes=\"(max-width: 1025px) 100vw, 1025px\" \/>\n            <\/div>\n        <\/div><div class=\"eael-entry-wrapper\"><header class=\"eael-entry-header\"><h3 class=\"eael-entry-title\"><a class=\"eael-grid-post-link\" href=\"https:\/\/egyptianswiss.com\/fr\/la-societe-egyptian-swiss-participe-au-forum-de-lemploi-de-la-faculte-dagriculture-dain-shams-et-propose-des-opportunites-de-formation-et-d\/\" title=\"\u00ab\u202fLa soci\u00e9t\u00e9 egyptian swiss\u202f\u00bb participe au Forum de l\u2019emploi de la facult\u00e9 d\u2019Agriculture d\u2019Ain Shams et propose des opportunit\u00e9s de formation et d\u2019emploi\">\u00ab\u202fLa soci\u00e9t\u00e9 egyptian swiss\u202f\u00bb participe au Forum de l\u2019emploi de la facult\u00e9 d\u2019Agriculture d\u2019Ain Shams et propose des opportunit\u00e9s de formation et d\u2019emploi<\/a><\/h3><\/header><div class=\"eael-entry-content\">\n                        <div class=\"eael-grid-post-excerpt\"><p>Dans le cadre du renforcement du lien entre l\u2019enseignement acad\u00e9mique...<\/p><a href=\"https:\/\/egyptianswiss.com\/fr\/la-societe-egyptian-swiss-participe-au-forum-de-lemploi-de-la-faculte-dagriculture-dain-shams-et-propose-des-opportunites-de-formation-et-d\/\" class=\"eael-post-elements-readmore-btn\">En savoir plus<\/a><\/div>\n                    <\/div><div class=\"eael-entry-footer\"><div class=\"eael-entry-meta\"><span class=\"eael-posted-on\"><time datetime=\"mars 1, 2026\">mars 1, 2026<\/time><\/span><\/div><\/div><\/div><\/div>\n        <\/div>\n    <\/article><\/div>\n            <div class=\"clearfix\"><\/div>\n        <\/div>            <div class=\"eael-load-more-button-wrap eael-force-hide\">\n                <button class=\"eael-load-more-button\" id=\"eael-load-more-btn-f344bf3\" data-widget-id=\"f344bf3\" data-widget=\"f344bf3\" data-page-id=\"2728\" data-template=\"{&quot;dir&quot;:&quot;lite&quot;,&quot;file_name&quot;:&quot;one.php&quot;,&quot;name&quot;:&quot;Post-Grid&quot;}\" data-class=\"Essential_Addons_Elementor\\Elements\\Post_Grid\" data-layout=\"masonry\" data-page=\"1\" data-args=\"orderby=date&amp;order=desc&amp;ignore_sticky_posts=1&amp;post_status=publish&amp;posts_per_page=4&amp;offset=0&amp;post_type=post\" data-max-page=\"99\">\n                    <span class=\"eael-btn-loader button__loader\"><\/span>\n                    <span class=\"eael_load_more_text\">Load More<\/span>\n                <\/button>\n            <\/div>\n            \t\t\t\t<\/div>\n\t\t\t\t<\/div>\n\t\t\t\t\t<\/div>\n\t\t<\/div>\n\t\t\t\t\t<\/div>\n\t\t<\/section>\n\t\t\t\t<\/div>\n\t\t","protected":false},"excerpt":{"rendered":"<p>nouvelles P\u00e2tes suisses aux champignons En savoir plus February 28, 2023 \u00c9v\u00e9nement 01 Le lorem ipsum est tout simplement le texte factice de&#8230; En savoir plus January 18, 2023<\/p>\n","protected":false},"author":1,"featured_media":0,"parent":0,"menu_order":0,"comment_status":"closed","ping_status":"closed","template":"","meta":{"om_disable_all_campaigns":false,"_monsterinsights_skip_tracking":false,"_monsterinsights_sitenote_active":false,"_monsterinsights_sitenote_note":"","_monsterinsights_sitenote_category":0,"site-sidebar-layout":"right-sidebar","site-content-layout":"plain-container","ast-site-content-layout":"default","site-content-style":"default","site-sidebar-style":"default","ast-global-header-display":"","ast-banner-title-visibility":"","ast-main-header-display":"","ast-hfb-above-header-display":"","ast-hfb-below-header-display":"","ast-hfb-mobile-header-display":"","site-post-title":"disabled","ast-breadcrumbs-content":"","ast-featured-img":"disabled","footer-sml-layout":"","ast-disable-related-posts":"","theme-transparent-header-meta":"default","adv-header-id-meta":"","stick-header-meta":"default","header-above-stick-meta":"","header-main-stick-meta":"","header-below-stick-meta":"","astra-migrate-meta-layouts":"default","ast-page-background-enabled":"default","ast-page-background-meta":{"desktop":{"background-color":"","background-image":"","background-repeat":"repeat","background-position":"center center","background-size":"auto","background-attachment":"scroll","background-type":"","background-media":"","overlay-type":"","overlay-color":"","overlay-opacity":"","overlay-gradient":""},"tablet":{"background-color":"","background-image":"","background-repeat":"repeat","background-position":"center center","background-size":"auto","background-attachment":"scroll","background-type":"","background-media":"","overlay-type":"","overlay-color":"","overlay-opacity":"","overlay-gradient":""},"mobile":{"background-color":"","background-image":"","background-repeat":"repeat","background-position":"center center","background-size":"auto","background-attachment":"scroll","background-type":"","background-media":"","overlay-type":"","overlay-color":"","overlay-opacity":"","overlay-gradient":""}},"ast-content-background-meta":{"desktop":{"background-color":"var(--ast-global-color-5)","background-image":"","background-repeat":"repeat","background-position":"center center","background-size":"auto","background-attachment":"scroll","background-type":"","background-media":"","overlay-type":"","overlay-color":"","overlay-opacity":"","overlay-gradient":""},"tablet":{"background-color":"var(--ast-global-color-5)","background-image":"","background-repeat":"repeat","background-position":"center center","background-size":"auto","background-attachment":"scroll","background-type":"","background-media":"","overlay-type":"","overlay-color":"","overlay-opacity":"","overlay-gradient":""},"mobile":{"background-color":"var(--ast-global-color-5)","background-image":"","background-repeat":"repeat","background-position":"center center","background-size":"auto","background-attachment":"scroll","background-type":"","background-media":"","overlay-type":"","overlay-color":"","overlay-opacity":"","overlay-gradient":""}},"footnotes":""},"class_list":["post-2728","page","type-page","status-publish","hentry"],"aioseo_notices":[],"_links":{"self":[{"href":"https:\/\/egyptianswiss.com\/fr\/wp-json\/wp\/v2\/pages\/2728","targetHints":{"allow":["GET"]}}],"collection":[{"href":"https:\/\/egyptianswiss.com\/fr\/wp-json\/wp\/v2\/pages"}],"about":[{"href":"https:\/\/egyptianswiss.com\/fr\/wp-json\/wp\/v2\/types\/page"}],"author":[{"embeddable":true,"href":"https:\/\/egyptianswiss.com\/fr\/wp-json\/wp\/v2\/users\/1"}],"replies":[{"embeddable":true,"href":"https:\/\/egyptianswiss.com\/fr\/wp-json\/wp\/v2\/comments?post=2728"}],"version-history":[{"count":5,"href":"https:\/\/egyptianswiss.com\/fr\/wp-json\/wp\/v2\/pages\/2728\/revisions"}],"predecessor-version":[{"id":3062,"href":"https:\/\/egyptianswiss.com\/fr\/wp-json\/wp\/v2\/pages\/2728\/revisions\/3062"}],"wp:attachment":[{"href":"https:\/\/egyptianswiss.com\/fr\/wp-json\/wp\/v2\/media?parent=2728"}],"curies":[{"name":"wp","href":"https:\/\/api.w.org\/{rel}","templated":true}]}}