{"id":2110,"date":"2023-02-28T15:03:26","date_gmt":"2023-02-28T15:03:26","guid":{"rendered":"https:\/\/egyptianswiss.com\/egyptian-swiss-pour-la-mouture\/"},"modified":"2023-06-18T08:11:39","modified_gmt":"2023-06-18T08:11:39","slug":"egyptian-swiss-pour-la-mouture","status":"publish","type":"page","link":"https:\/\/egyptianswiss.com\/fr\/installations\/egyptian-swiss-pour-la-mouture\/","title":{"rendered":"Egyptian Swiss pour la Mouture"},"content":{"rendered":"\t\t<div data-elementor-type=\"wp-page\" data-elementor-id=\"2110\" class=\"elementor elementor-2110 elementor-1396\">\n\t\t\t\t\t\t<section class=\"elementor-section elementor-top-section elementor-element elementor-element-01ffef0 elementor-section-boxed elementor-section-height-default elementor-section-height-default\" data-id=\"01ffef0\" data-element_type=\"section\" data-e-type=\"section\">\n\t\t\t\t\t\t<div class=\"elementor-container elementor-column-gap-default\">\n\t\t\t\t\t<div class=\"elementor-column elementor-col-100 elementor-top-column elementor-element elementor-element-0aa0836\" data-id=\"0aa0836\" data-element_type=\"column\" data-e-type=\"column\">\n\t\t\t<div class=\"elementor-widget-wrap elementor-element-populated\">\n\t\t\t\t\t\t<div class=\"elementor-element elementor-element-e5e7443 elementor-widget elementor-widget-heading\" data-id=\"e5e7443\" data-element_type=\"widget\" data-e-type=\"widget\" data-widget_type=\"heading.default\">\n\t\t\t\t<div class=\"elementor-widget-container\">\n\t\t\t\t\t<h2 class=\"elementor-heading-title elementor-size-default\">\u00e0 propos de nos lignes de fraisage<\/h2>\t\t\t\t<\/div>\n\t\t\t\t<\/div>\n\t\t\t\t<div class=\"elementor-element elementor-element-151b4b0 elementor-widget-divider--view-line elementor-widget elementor-widget-divider\" data-id=\"151b4b0\" data-element_type=\"widget\" data-e-type=\"widget\" data-widget_type=\"divider.default\">\n\t\t\t\t<div class=\"elementor-widget-container\">\n\t\t\t\t\t\t\t<div class=\"elementor-divider\">\n\t\t\t<span class=\"elementor-divider-separator\">\n\t\t\t\t\t\t<\/span>\n\t\t<\/div>\n\t\t\t\t\t\t<\/div>\n\t\t\t\t<\/div>\n\t\t\t\t<section class=\"elementor-section elementor-inner-section elementor-element elementor-element-5415cda elementor-section-boxed elementor-section-height-default elementor-section-height-default\" data-id=\"5415cda\" data-element_type=\"section\" data-e-type=\"section\">\n\t\t\t\t\t\t<div class=\"elementor-container elementor-column-gap-default\">\n\t\t\t\t\t<div class=\"elementor-column elementor-col-100 elementor-inner-column elementor-element elementor-element-2c614c4\" data-id=\"2c614c4\" data-element_type=\"column\" data-e-type=\"column\">\n\t\t\t<div class=\"elementor-widget-wrap elementor-element-populated\">\n\t\t\t\t\t\t<div class=\"elementor-element elementor-element-ec88231 elementor-widget elementor-widget-image-box\" data-id=\"ec88231\" data-element_type=\"widget\" data-e-type=\"widget\" data-widget_type=\"image-box.default\">\n\t\t\t\t<div class=\"elementor-widget-container\">\n\t\t\t\t\t<div class=\"elementor-image-box-wrapper\"><div class=\"elementor-image-box-content\"><p class=\"elementor-image-box-description\">Nos meuneries enti\u00e8rement automatis\u00e9es, contr\u00f4l\u00e9es en laboratoire et \u00e9quip\u00e9es des derni\u00e8res technologies, ont une capacit\u00e9 totale de 32000 tonnes de farine par mois et de 12000 tonnes de son par mois. Situ\u00e9e au 10e jour du mois de Ramadan, nous disposons de deux lignes de meunerie produisant 800 tonnes par jour, soit 17000 tonnes de farine et 7000 tonnes de son par mois. Nous pr\u00e9voyons \u00e9galement d'agrandir et d'ajouter une autre ligne de meunerie afin de maintenir et d'am\u00e9liorer la qualit\u00e9 de nos produits. Nous disposons \u00e9galement d'une ligne de meunerie situ\u00e9e \u00e0 Borg El Arab, qui produit 800 tonnes par jour, 14000 tonnes de farine par mois et 6000 tonnes de son par mois. En disposant de plusieurs sites, nous pouvons desservir davantage de ports dans le nord et l'est de l'\u00c9gypte. Nos quais de chargement sont int\u00e9gr\u00e9s pour tous les types de chargement, des sacs tiss\u00e9s aux camions-silos. Nous disposons \u00e9galement d'un \u00e9norme silo qui peut stocker jusqu'\u00e0 60 000 tonnes de bl\u00e9 et 30 000 tonnes de farine.\n   <br><\/p><\/div><\/div>\t\t\t\t<\/div>\n\t\t\t\t<\/div>\n\t\t\t\t\t<\/div>\n\t\t<\/div>\n\t\t\t\t\t<\/div>\n\t\t<\/section>\n\t\t\t\t<section class=\"elementor-section elementor-inner-section elementor-element elementor-element-9cf6ccd elementor-section-boxed elementor-section-height-default elementor-section-height-default\" data-id=\"9cf6ccd\" data-element_type=\"section\" data-e-type=\"section\">\n\t\t\t\t\t\t<div class=\"elementor-container elementor-column-gap-default\">\n\t\t\t\t\t<div class=\"elementor-column elementor-col-50 elementor-inner-column elementor-element elementor-element-8448bff\" data-id=\"8448bff\" data-element_type=\"column\" data-e-type=\"column\">\n\t\t\t<div class=\"elementor-widget-wrap elementor-element-populated\">\n\t\t\t\t\t\t<div class=\"elementor-element elementor-element-5c89af5 animated-slow elementor-widget elementor-widget-image\" data-id=\"5c89af5\" data-element_type=\"widget\" data-e-type=\"widget\" data-settings=\"{&quot;_animation&quot;:&quot;none&quot;}\" data-widget_type=\"image.default\">\n\t\t\t\t<div class=\"elementor-widget-container\">\n\t\t\t\t\t\t\t\t\t\t\t\t\t\t\t<img fetchpriority=\"high\" decoding=\"async\" width=\"2560\" height=\"1431\" src=\"https:\/\/egyptianswiss.com\/wp-content\/uploads\/2023\/04\/Milling-1-scaled.jpg\" class=\"attachment-full size-full wp-image-2907\" alt=\"\" srcset=\"https:\/\/egyptianswiss.com\/wp-content\/uploads\/2023\/04\/Milling-1-scaled.jpg 2560w, https:\/\/egyptianswiss.com\/wp-content\/uploads\/2023\/04\/Milling-1-300x168.jpg 300w, https:\/\/egyptianswiss.com\/wp-content\/uploads\/2023\/04\/Milling-1-1024x572.jpg 1024w, https:\/\/egyptianswiss.com\/wp-content\/uploads\/2023\/04\/Milling-1-768x429.jpg 768w, https:\/\/egyptianswiss.com\/wp-content\/uploads\/2023\/04\/Milling-1-1536x859.jpg 1536w\" sizes=\"(max-width: 2560px) 100vw, 2560px\" \/>\t\t\t\t\t\t\t\t\t\t\t\t\t\t\t<\/div>\n\t\t\t\t<\/div>\n\t\t\t\t\t<\/div>\n\t\t<\/div>\n\t\t\t\t<div class=\"elementor-column elementor-col-50 elementor-inner-column elementor-element elementor-element-d3ccc57\" data-id=\"d3ccc57\" data-element_type=\"column\" data-e-type=\"column\">\n\t\t\t<div class=\"elementor-widget-wrap elementor-element-populated\">\n\t\t\t\t\t\t<div class=\"elementor-element elementor-element-2b66379 animated-slow elementor-widget elementor-widget-image\" data-id=\"2b66379\" data-element_type=\"widget\" data-e-type=\"widget\" data-settings=\"{&quot;_animation&quot;:&quot;none&quot;}\" data-widget_type=\"image.default\">\n\t\t\t\t<div class=\"elementor-widget-container\">\n\t\t\t\t\t\t\t\t\t\t\t\t\t\t\t<img decoding=\"async\" width=\"2560\" height=\"1436\" src=\"https:\/\/egyptianswiss.com\/wp-content\/uploads\/2023\/04\/Milling-2-1.jpg\" class=\"attachment-full size-full wp-image-2913\" alt=\"Milling\" srcset=\"https:\/\/egyptianswiss.com\/wp-content\/uploads\/2023\/04\/Milling-2-1.jpg 2560w, https:\/\/egyptianswiss.com\/wp-content\/uploads\/2023\/04\/Milling-2-1-300x168.jpg 300w, https:\/\/egyptianswiss.com\/wp-content\/uploads\/2023\/04\/Milling-2-1-1024x574.jpg 1024w, https:\/\/egyptianswiss.com\/wp-content\/uploads\/2023\/04\/Milling-2-1-768x431.jpg 768w, https:\/\/egyptianswiss.com\/wp-content\/uploads\/2023\/04\/Milling-2-1-1536x862.jpg 1536w, https:\/\/egyptianswiss.com\/wp-content\/uploads\/2023\/04\/Milling-2-1-2048x1149.jpg 2048w\" sizes=\"(max-width: 2560px) 100vw, 2560px\" \/>\t\t\t\t\t\t\t\t\t\t\t\t\t\t\t<\/div>\n\t\t\t\t<\/div>\n\t\t\t\t\t<\/div>\n\t\t<\/div>\n\t\t\t\t\t<\/div>\n\t\t<\/section>\n\t\t\t\t\t<\/div>\n\t\t<\/div>\n\t\t\t\t\t<\/div>\n\t\t<\/section>\n\t\t\t\t<\/div>\n\t\t","protected":false},"excerpt":{"rendered":"<p>\u00e0 propos de nos lignes de fraisage Nos meuneries enti\u00e8rement automatis\u00e9es, contr\u00f4l\u00e9es en laboratoire et \u00e9quip\u00e9es des derni\u00e8res technologies, ont une capacit\u00e9 totale de 32000 tonnes de farine par mois et de 12000 tonnes de son par mois. Situ\u00e9e au 10e jour du mois de Ramadan, nous disposons de deux lignes de meunerie produisant 800 [&hellip;]<\/p>\n","protected":false},"author":1,"featured_media":0,"parent":2117,"menu_order":0,"comment_status":"closed","ping_status":"closed","template":"","meta":{"om_disable_all_campaigns":false,"_monsterinsights_skip_tracking":false,"_monsterinsights_sitenote_active":false,"_monsterinsights_sitenote_note":"","_monsterinsights_sitenote_category":0,"site-sidebar-layout":"no-sidebar","site-content-layout":"page-builder","ast-site-content-layout":"default","site-content-style":"default","site-sidebar-style":"default","ast-global-header-display":"","ast-banner-title-visibility":"","ast-main-header-display":"","ast-hfb-above-header-display":"","ast-hfb-below-header-display":"","ast-hfb-mobile-header-display":"","site-post-title":"disabled","ast-breadcrumbs-content":"","ast-featured-img":"disabled","footer-sml-layout":"","ast-disable-related-posts":"","theme-transparent-header-meta":"disabled","adv-header-id-meta":"","stick-header-meta":"default","header-above-stick-meta":"","header-main-stick-meta":"","header-below-stick-meta":"","astra-migrate-meta-layouts":"default","ast-page-background-enabled":"default","ast-page-background-meta":{"desktop":{"background-color":"","background-image":"","background-repeat":"repeat","background-position":"center center","background-size":"auto","background-attachment":"scroll","background-type":"","background-media":"","overlay-type":"","overlay-color":"","overlay-opacity":"","overlay-gradient":""},"tablet":{"background-color":"","background-image":"","background-repeat":"repeat","background-position":"center center","background-size":"auto","background-attachment":"scroll","background-type":"","background-media":"","overlay-type":"","overlay-color":"","overlay-opacity":"","overlay-gradient":""},"mobile":{"background-color":"","background-image":"","background-repeat":"repeat","background-position":"center center","background-size":"auto","background-attachment":"scroll","background-type":"","background-media":"","overlay-type":"","overlay-color":"","overlay-opacity":"","overlay-gradient":""}},"ast-content-background-meta":{"desktop":{"background-color":"var(--ast-global-color-5)","background-image":"","background-repeat":"repeat","background-position":"center center","background-size":"auto","background-attachment":"scroll","background-type":"","background-media":"","overlay-type":"","overlay-color":"","overlay-opacity":"","overlay-gradient":""},"tablet":{"background-color":"var(--ast-global-color-5)","background-image":"","background-repeat":"repeat","background-position":"center center","background-size":"auto","background-attachment":"scroll","background-type":"","background-media":"","overlay-type":"","overlay-color":"","overlay-opacity":"","overlay-gradient":""},"mobile":{"background-color":"var(--ast-global-color-5)","background-image":"","background-repeat":"repeat","background-position":"center center","background-size":"auto","background-attachment":"scroll","background-type":"","background-media":"","overlay-type":"","overlay-color":"","overlay-opacity":"","overlay-gradient":""}},"footnotes":""},"class_list":["post-2110","page","type-page","status-publish","hentry"],"aioseo_notices":[],"_links":{"self":[{"href":"https:\/\/egyptianswiss.com\/fr\/wp-json\/wp\/v2\/pages\/2110","targetHints":{"allow":["GET"]}}],"collection":[{"href":"https:\/\/egyptianswiss.com\/fr\/wp-json\/wp\/v2\/pages"}],"about":[{"href":"https:\/\/egyptianswiss.com\/fr\/wp-json\/wp\/v2\/types\/page"}],"author":[{"embeddable":true,"href":"https:\/\/egyptianswiss.com\/fr\/wp-json\/wp\/v2\/users\/1"}],"replies":[{"embeddable":true,"href":"https:\/\/egyptianswiss.com\/fr\/wp-json\/wp\/v2\/comments?post=2110"}],"version-history":[{"count":10,"href":"https:\/\/egyptianswiss.com\/fr\/wp-json\/wp\/v2\/pages\/2110\/revisions"}],"predecessor-version":[{"id":4398,"href":"https:\/\/egyptianswiss.com\/fr\/wp-json\/wp\/v2\/pages\/2110\/revisions\/4398"}],"up":[{"embeddable":true,"href":"https:\/\/egyptianswiss.com\/fr\/wp-json\/wp\/v2\/pages\/2117"}],"wp:attachment":[{"href":"https:\/\/egyptianswiss.com\/fr\/wp-json\/wp\/v2\/media?parent=2110"}],"curies":[{"name":"wp","href":"https:\/\/api.w.org\/{rel}","templated":true}]}}