{"id":2108,"date":"2023-02-26T14:08:42","date_gmt":"2023-02-26T14:08:42","guid":{"rendered":"https:\/\/egyptianswiss.com\/egyptian-swiss-pour-les-pates\/"},"modified":"2023-04-06T10:06:43","modified_gmt":"2023-04-06T10:06:43","slug":"egyptian-swiss-pour-les-pates","status":"publish","type":"page","link":"https:\/\/egyptianswiss.com\/fr\/installations\/egyptian-swiss-pour-les-pates\/","title":{"rendered":"Egyptian Swiss pour les P\u00e2tes"},"content":{"rendered":"\t\t<div data-elementor-type=\"wp-page\" data-elementor-id=\"2108\" class=\"elementor elementor-2108 elementor-1311\">\n\t\t\t\t\t\t<section class=\"elementor-section elementor-top-section elementor-element elementor-element-01ffef0 elementor-section-boxed elementor-section-height-default elementor-section-height-default\" data-id=\"01ffef0\" data-element_type=\"section\" data-e-type=\"section\">\n\t\t\t\t\t\t<div class=\"elementor-container elementor-column-gap-default\">\n\t\t\t\t\t<div class=\"elementor-column elementor-col-100 elementor-top-column elementor-element elementor-element-0aa0836\" data-id=\"0aa0836\" data-element_type=\"column\" data-e-type=\"column\">\n\t\t\t<div class=\"elementor-widget-wrap elementor-element-populated\">\n\t\t\t\t\t\t<div class=\"elementor-element elementor-element-e5e7443 elementor-widget elementor-widget-heading\" data-id=\"e5e7443\" data-element_type=\"widget\" data-e-type=\"widget\" data-widget_type=\"heading.default\">\n\t\t\t\t<div class=\"elementor-widget-container\">\n\t\t\t\t\t<h2 class=\"elementor-heading-title elementor-size-default\">\u00c0 propos de l'usine de p\u00e2tes<br><\/h2>\t\t\t\t<\/div>\n\t\t\t\t<\/div>\n\t\t\t\t<div class=\"elementor-element elementor-element-151b4b0 elementor-widget-divider--view-line elementor-widget elementor-widget-divider\" data-id=\"151b4b0\" data-element_type=\"widget\" data-e-type=\"widget\" data-widget_type=\"divider.default\">\n\t\t\t\t<div class=\"elementor-widget-container\">\n\t\t\t\t\t\t\t<div class=\"elementor-divider\">\n\t\t\t<span class=\"elementor-divider-separator\">\n\t\t\t\t\t\t<\/span>\n\t\t<\/div>\n\t\t\t\t\t\t<\/div>\n\t\t\t\t<\/div>\n\t\t\t\t<section class=\"elementor-section elementor-inner-section elementor-element elementor-element-5415cda elementor-section-boxed elementor-section-height-default elementor-section-height-default\" data-id=\"5415cda\" data-element_type=\"section\" data-e-type=\"section\">\n\t\t\t\t\t\t<div class=\"elementor-container elementor-column-gap-default\">\n\t\t\t\t\t<div class=\"elementor-column elementor-col-100 elementor-inner-column elementor-element elementor-element-2c614c4\" data-id=\"2c614c4\" data-element_type=\"column\" data-e-type=\"column\">\n\t\t\t<div class=\"elementor-widget-wrap elementor-element-populated\">\n\t\t\t\t\t\t<div class=\"elementor-element elementor-element-ec88231 elementor-widget elementor-widget-image-box\" data-id=\"ec88231\" data-element_type=\"widget\" data-e-type=\"widget\" data-widget_type=\"image-box.default\">\n\t\t\t\t<div class=\"elementor-widget-container\">\n\t\t\t\t\t<div class=\"elementor-image-box-wrapper\"><div class=\"elementor-image-box-content\"><p class=\"elementor-image-box-description\">Plus de 10 formes de p\u00e2tes sont produites, y compris des formes fines comme les spaghettis, le riz et les vermicelles. Notre usine de p\u00e2tes enti\u00e8rement automatis\u00e9e et contr\u00f4l\u00e9e en laboratoire combine trois lignes de production italiennes, avec des syst\u00e8mes d'emballage int\u00e9gr\u00e9s qui permettent des techniques d'emballage et des tailles multiples. Les principales cat\u00e9gories de p\u00e2tes sont les p\u00e2tes courtes et les p\u00e2tes longues ; la premi\u00e8re ligne de p\u00e2tes courtes produit 3 tonnes par heure, la deuxi\u00e8me ligne de p\u00e2tes courtes 6 tonnes par heure et la ligne de p\u00e2tes longues 3 tonnes par heure, soit une production totale de 7 000 tonnes par mois.  <\/p><\/div><\/div>\t\t\t\t<\/div>\n\t\t\t\t<\/div>\n\t\t\t\t\t<\/div>\n\t\t<\/div>\n\t\t\t\t\t<\/div>\n\t\t<\/section>\n\t\t\t\t<section class=\"elementor-section elementor-inner-section elementor-element elementor-element-9cf6ccd elementor-section-boxed elementor-section-height-default elementor-section-height-default\" data-id=\"9cf6ccd\" data-element_type=\"section\" data-e-type=\"section\">\n\t\t\t\t\t\t<div class=\"elementor-container elementor-column-gap-default\">\n\t\t\t\t\t<div class=\"elementor-column elementor-col-50 elementor-inner-column elementor-element elementor-element-8448bff\" data-id=\"8448bff\" data-element_type=\"column\" data-e-type=\"column\">\n\t\t\t<div class=\"elementor-widget-wrap elementor-element-populated\">\n\t\t\t\t\t\t<div class=\"elementor-element elementor-element-5c89af5 animated-slow elementor-widget elementor-widget-image\" data-id=\"5c89af5\" data-element_type=\"widget\" data-e-type=\"widget\" data-settings=\"{&quot;_animation&quot;:&quot;none&quot;}\" data-widget_type=\"image.default\">\n\t\t\t\t<div class=\"elementor-widget-container\">\n\t\t\t\t\t\t\t\t\t\t\t\t\t\t\t<img fetchpriority=\"high\" decoding=\"async\" width=\"2560\" height=\"1436\" src=\"https:\/\/egyptianswiss.com\/wp-content\/uploads\/2023\/04\/Pasta.jpg\" class=\"attachment-full size-full wp-image-2916\" alt=\"\" srcset=\"https:\/\/egyptianswiss.com\/wp-content\/uploads\/2023\/04\/Pasta.jpg 2560w, https:\/\/egyptianswiss.com\/wp-content\/uploads\/2023\/04\/Pasta-300x168.jpg 300w, https:\/\/egyptianswiss.com\/wp-content\/uploads\/2023\/04\/Pasta-1024x574.jpg 1024w, https:\/\/egyptianswiss.com\/wp-content\/uploads\/2023\/04\/Pasta-768x431.jpg 768w, https:\/\/egyptianswiss.com\/wp-content\/uploads\/2023\/04\/Pasta-1536x862.jpg 1536w, https:\/\/egyptianswiss.com\/wp-content\/uploads\/2023\/04\/Pasta-2048x1149.jpg 2048w\" sizes=\"(max-width: 2560px) 100vw, 2560px\" \/>\t\t\t\t\t\t\t\t\t\t\t\t\t\t\t<\/div>\n\t\t\t\t<\/div>\n\t\t\t\t\t<\/div>\n\t\t<\/div>\n\t\t\t\t<div class=\"elementor-column elementor-col-50 elementor-inner-column elementor-element elementor-element-d3ccc57\" data-id=\"d3ccc57\" data-element_type=\"column\" data-e-type=\"column\">\n\t\t\t<div class=\"elementor-widget-wrap elementor-element-populated\">\n\t\t\t\t\t\t<div class=\"elementor-element elementor-element-2b66379 animated-slow elementor-widget elementor-widget-image\" data-id=\"2b66379\" data-element_type=\"widget\" data-e-type=\"widget\" data-settings=\"{&quot;_animation&quot;:&quot;none&quot;}\" data-widget_type=\"image.default\">\n\t\t\t\t<div class=\"elementor-widget-container\">\n\t\t\t\t\t\t\t\t\t\t\t\t\t\t\t<img decoding=\"async\" width=\"2560\" height=\"1436\" src=\"https:\/\/egyptianswiss.com\/wp-content\/uploads\/2023\/04\/Pasta-2.jpg\" class=\"attachment-full size-full wp-image-2919\" alt=\"\" srcset=\"https:\/\/egyptianswiss.com\/wp-content\/uploads\/2023\/04\/Pasta-2.jpg 2560w, https:\/\/egyptianswiss.com\/wp-content\/uploads\/2023\/04\/Pasta-2-300x168.jpg 300w, https:\/\/egyptianswiss.com\/wp-content\/uploads\/2023\/04\/Pasta-2-1024x574.jpg 1024w, https:\/\/egyptianswiss.com\/wp-content\/uploads\/2023\/04\/Pasta-2-768x431.jpg 768w, https:\/\/egyptianswiss.com\/wp-content\/uploads\/2023\/04\/Pasta-2-1536x862.jpg 1536w, https:\/\/egyptianswiss.com\/wp-content\/uploads\/2023\/04\/Pasta-2-2048x1149.jpg 2048w\" sizes=\"(max-width: 2560px) 100vw, 2560px\" \/>\t\t\t\t\t\t\t\t\t\t\t\t\t\t\t<\/div>\n\t\t\t\t<\/div>\n\t\t\t\t\t<\/div>\n\t\t<\/div>\n\t\t\t\t\t<\/div>\n\t\t<\/section>\n\t\t\t\t\t<\/div>\n\t\t<\/div>\n\t\t\t\t\t<\/div>\n\t\t<\/section>\n\t\t\t\t<\/div>\n\t\t","protected":false},"excerpt":{"rendered":"<p>\u00c0 propos de l&rsquo;usine de p\u00e2tes Plus de 10 formes de p\u00e2tes sont produites, y compris des formes fines comme les spaghettis, le riz et les vermicelles. Notre usine de p\u00e2tes enti\u00e8rement automatis\u00e9e et contr\u00f4l\u00e9e en laboratoire combine trois lignes de production italiennes, avec des syst\u00e8mes d&#8217;emballage int\u00e9gr\u00e9s qui permettent des techniques d&#8217;emballage et des [&hellip;]<\/p>\n","protected":false},"author":1,"featured_media":0,"parent":2117,"menu_order":0,"comment_status":"closed","ping_status":"closed","template":"","meta":{"om_disable_all_campaigns":false,"_monsterinsights_skip_tracking":false,"_monsterinsights_sitenote_active":false,"_monsterinsights_sitenote_note":"","_monsterinsights_sitenote_category":0,"site-sidebar-layout":"no-sidebar","site-content-layout":"page-builder","ast-site-content-layout":"default","site-content-style":"default","site-sidebar-style":"default","ast-global-header-display":"","ast-banner-title-visibility":"","ast-main-header-display":"","ast-hfb-above-header-display":"","ast-hfb-below-header-display":"","ast-hfb-mobile-header-display":"","site-post-title":"disabled","ast-breadcrumbs-content":"","ast-featured-img":"disabled","footer-sml-layout":"","ast-disable-related-posts":"","theme-transparent-header-meta":"disabled","adv-header-id-meta":"","stick-header-meta":"default","header-above-stick-meta":"","header-main-stick-meta":"","header-below-stick-meta":"","astra-migrate-meta-layouts":"default","ast-page-background-enabled":"default","ast-page-background-meta":{"desktop":{"background-color":"","background-image":"","background-repeat":"repeat","background-position":"center center","background-size":"auto","background-attachment":"scroll","background-type":"","background-media":"","overlay-type":"","overlay-color":"","overlay-opacity":"","overlay-gradient":""},"tablet":{"background-color":"","background-image":"","background-repeat":"repeat","background-position":"center center","background-size":"auto","background-attachment":"scroll","background-type":"","background-media":"","overlay-type":"","overlay-color":"","overlay-opacity":"","overlay-gradient":""},"mobile":{"background-color":"","background-image":"","background-repeat":"repeat","background-position":"center center","background-size":"auto","background-attachment":"scroll","background-type":"","background-media":"","overlay-type":"","overlay-color":"","overlay-opacity":"","overlay-gradient":""}},"ast-content-background-meta":{"desktop":{"background-color":"var(--ast-global-color-5)","background-image":"","background-repeat":"repeat","background-position":"center center","background-size":"auto","background-attachment":"scroll","background-type":"","background-media":"","overlay-type":"","overlay-color":"","overlay-opacity":"","overlay-gradient":""},"tablet":{"background-color":"var(--ast-global-color-5)","background-image":"","background-repeat":"repeat","background-position":"center center","background-size":"auto","background-attachment":"scroll","background-type":"","background-media":"","overlay-type":"","overlay-color":"","overlay-opacity":"","overlay-gradient":""},"mobile":{"background-color":"var(--ast-global-color-5)","background-image":"","background-repeat":"repeat","background-position":"center center","background-size":"auto","background-attachment":"scroll","background-type":"","background-media":"","overlay-type":"","overlay-color":"","overlay-opacity":"","overlay-gradient":""}},"footnotes":""},"class_list":["post-2108","page","type-page","status-publish","hentry"],"aioseo_notices":[],"_links":{"self":[{"href":"https:\/\/egyptianswiss.com\/fr\/wp-json\/wp\/v2\/pages\/2108","targetHints":{"allow":["GET"]}}],"collection":[{"href":"https:\/\/egyptianswiss.com\/fr\/wp-json\/wp\/v2\/pages"}],"about":[{"href":"https:\/\/egyptianswiss.com\/fr\/wp-json\/wp\/v2\/types\/page"}],"author":[{"embeddable":true,"href":"https:\/\/egyptianswiss.com\/fr\/wp-json\/wp\/v2\/users\/1"}],"replies":[{"embeddable":true,"href":"https:\/\/egyptianswiss.com\/fr\/wp-json\/wp\/v2\/comments?post=2108"}],"version-history":[{"count":7,"href":"https:\/\/egyptianswiss.com\/fr\/wp-json\/wp\/v2\/pages\/2108\/revisions"}],"predecessor-version":[{"id":3016,"href":"https:\/\/egyptianswiss.com\/fr\/wp-json\/wp\/v2\/pages\/2108\/revisions\/3016"}],"up":[{"embeddable":true,"href":"https:\/\/egyptianswiss.com\/fr\/wp-json\/wp\/v2\/pages\/2117"}],"wp:attachment":[{"href":"https:\/\/egyptianswiss.com\/fr\/wp-json\/wp\/v2\/media?parent=2108"}],"curies":[{"name":"wp","href":"https:\/\/api.w.org\/{rel}","templated":true}]}}